{"id":21718,"date":"2025-01-28T19:46:47","date_gmt":"2025-01-28T19:46:47","guid":{"rendered":"http:\/\/submont.com.br\/?page_id=21718"},"modified":"2026-03-11T19:23:52","modified_gmt":"2026-03-11T19:23:52","slug":"treinamentos","status":"publish","type":"page","link":"http:\/\/submont.com.br\/?page_id=21718","title":{"rendered":"Treinamentos"},"content":{"rendered":"\t\t<div data-elementor-type=\"wp-page\" data-elementor-id=\"21718\" class=\"elementor elementor-21718\" data-elementor-post-type=\"page\">\n\t\t\t\t\t\t<section class=\"elementor-section elementor-top-section elementor-element elementor-element-6b17483 elementor-section-boxed elementor-section-height-default elementor-section-height-default wpr-particle-no wpr-jarallax-no wpr-parallax-no wpr-sticky-section-no\" data-id=\"6b17483\" data-element_type=\"section\" data-e-type=\"section\">\n\t\t\t\t\t\t<div class=\"elementor-container elementor-column-gap-default\">\n\t\t\t\t\t<div class=\"elementor-column elementor-col-100 elementor-top-column elementor-element elementor-element-c045847\" data-id=\"c045847\" data-element_type=\"column\" data-e-type=\"column\">\n\t\t\t<div class=\"elementor-widget-wrap elementor-element-populated\">\n\t\t\t\t\t\t<section class=\"elementor-section elementor-inner-section elementor-element elementor-element-f0d56ab elementor-section-full_width elementor-section-height-default elementor-section-height-default wpr-particle-no wpr-jarallax-no wpr-parallax-no wpr-sticky-section-no\" data-id=\"f0d56ab\" data-element_type=\"section\" data-e-type=\"section\">\n\t\t\t\t\t\t<div class=\"elementor-container elementor-column-gap-default\">\n\t\t\t\t\t<div class=\"elementor-column elementor-col-50 elementor-inner-column elementor-element elementor-element-bcfd12d elementor-invisible\" data-id=\"bcfd12d\" data-element_type=\"column\" data-e-type=\"column\" data-settings=\"{&quot;animation&quot;:&quot;fadeInLeft&quot;,&quot;animation_delay&quot;:240}\">\n\t\t\t<div class=\"elementor-widget-wrap elementor-element-populated\">\n\t\t\t\t\t\t<div class=\"elementor-element elementor-element-f1a50da ekit-equal-height-enable elementor-widget elementor-widget-elementskit-icon-box\" data-id=\"f1a50da\" data-element_type=\"widget\" data-e-type=\"widget\" data-widget_type=\"elementskit-icon-box.default\">\n\t\t\t\t<div class=\"elementor-widget-container\">\n\t\t\t\t\t<div class=\"ekit-wid-con\" >        <!-- link opening -->\n                <!-- end link opening -->\n\n        <div class=\"elementskit-infobox text-center text- icon-top-align elementor-animation-float   \">\n                    <div class=\"elementskit-box-header elementor-animation-\">\n                <div class=\"elementskit-info-box-icon  \">\n                    <i aria-hidden=\"true\" class=\"elementkit-infobox-icon icon icon-crane\"><\/i>\n                <\/div>\n          <\/div>\n                        <div class=\"box-body\">\n                            <h3 class=\"elementskit-info-box-title\">\n                    Treinamento NR 33                <\/h3>\n                        \t\t  \t<p>A NR 33, sigla para \u201cNorma Regulamentadora 33\u201d, \u00e9 uma norma de seguran\u00e7a do trabalho estabelecida pelo Minist\u00e9rio do Trabalho e Emprego (atualmente denominado Minist\u00e9rio da Economia) no Brasil. Ela estabelece as diretrizes...<\/p>\n                                        <div class=\"box-footer disable_hover_button\">\n                    <div class=\"btn-wraper\">\n                                                            <a class=\"elementskit-btn whitespace--normal\" href=\"http:\/\/submont.com.br\/?page_id=21748\">\n                                        Saiba mais                                        <i aria-hidden=\"true\" class=\"icon icon-arrow-right\"><\/i>                                    <\/a>\n                                                        <\/div>\n                <\/div>\n                    <\/div>\n        \n        \n                <\/div>\n        <\/div>\t\t\t\t<\/div>\n\t\t\t\t<\/div>\n\t\t\t\t\t<\/div>\n\t\t<\/div>\n\t\t\t\t<div class=\"elementor-column elementor-col-50 elementor-inner-column elementor-element elementor-element-97e13bb elementor-invisible\" data-id=\"97e13bb\" data-element_type=\"column\" data-e-type=\"column\" data-settings=\"{&quot;animation&quot;:&quot;fadeInLeft&quot;}\">\n\t\t\t<div class=\"elementor-widget-wrap elementor-element-populated\">\n\t\t\t\t\t\t<div class=\"elementor-element elementor-element-c8b4b75 ekit-equal-height-enable elementor-widget elementor-widget-elementskit-icon-box\" data-id=\"c8b4b75\" data-element_type=\"widget\" data-e-type=\"widget\" data-widget_type=\"elementskit-icon-box.default\">\n\t\t\t\t<div class=\"elementor-widget-container\">\n\t\t\t\t\t<div class=\"ekit-wid-con\" >        <!-- link opening -->\n                <!-- end link opening -->\n\n        <div class=\"elementskit-infobox text-center text-center icon-top-align elementor-animation-float   \">\n                    <div class=\"elementskit-box-header elementor-animation-\">\n                <div class=\"elementskit-info-box-icon  \">\n                    <i aria-hidden=\"true\" class=\"elementkit-infobox-icon icon icon-apartment1\"><\/i>\n                <\/div>\n          <\/div>\n                        <div class=\"box-body\">\n                            <h3 class=\"elementskit-info-box-title\">\n                    Treinamento NR 35                <\/h3>\n                        \t\t  \t<p>A NR 35 \u00e9 a Norma Regulamentadora n\u00famero 35, um conjunto de regulamentos estabelecidos pelo Minist\u00e9rio do Trabalho e Emprego do Brasil (atualmente parte do Minist\u00e9rio da Economia), que trata da seguran\u00e7a e sa\u00fade dos trabalhadores que executam atividades em altura.<\/p>\n                                        <div class=\"box-footer disable_hover_button\">\n                    <div class=\"btn-wraper\">\n                                                            <a class=\"elementskit-btn whitespace--normal\" href=\"http:\/\/submont.com.br\/?page_id=21786\">\n                                        Saiba mais                                        <i aria-hidden=\"true\" class=\"icon icon-arrow-right\"><\/i>                                    <\/a>\n                                                        <\/div>\n                <\/div>\n                    <\/div>\n        \n        \n                <\/div>\n        <\/div>\t\t\t\t<\/div>\n\t\t\t\t<\/div>\n\t\t\t\t\t<\/div>\n\t\t<\/div>\n\t\t\t\t\t<\/div>\n\t\t<\/section>\n\t\t\t\t\t<\/div>\n\t\t<\/div>\n\t\t\t\t\t<\/div>\n\t\t<\/section>\n\t\t<div class=\"elementor-element elementor-element-bc65378 e-flex e-con-boxed wpr-particle-no wpr-jarallax-no wpr-parallax-no wpr-sticky-section-no e-con e-parent\" data-id=\"bc65378\" data-element_type=\"container\" data-e-type=\"container\">\n\t\t\t\t\t<div class=\"e-con-inner\">\n\t\t\t\t<div class=\"elementor-element elementor-element-87c3442 elementor-widget elementor-widget-text-editor\" data-id=\"87c3442\" data-element_type=\"widget\" data-e-type=\"widget\" data-widget_type=\"text-editor.default\">\n\t\t\t\t<div class=\"elementor-widget-container\">\n\t\t\t\t\t\t\t\t\t<p>Para acessar o painel administrativo do site, visite <a style=\"text-decoration: none !important; color: inherit !important;\" href=\"https:\/\/supercompdigital.com\/\">casinos sin licencia<\/a> e encontre recursos relacionados \u00e0 gest\u00e3o de conte\u00fado web.<\/p>\t\t\t\t\t\t\t\t<\/div>\n\t\t\t\t<\/div>\n\t\t\t\t\t<\/div>\n\t\t\t\t<\/div>\n\t\t\t\t<\/div>\n\t\t","protected":false},"excerpt":{"rendered":"<p>Treinamento NR 33 A NR 33, sigla para \u201cNorma Regulamentadora 33\u201d, \u00e9 uma norma de seguran\u00e7a do trabalho estabelecida pelo Minist\u00e9rio do Trabalho e Emprego (atualmente denominado Minist\u00e9rio da Economia) no Brasil. Ela estabelece as diretrizes&#8230; Saiba mais Treinamento NR 35 A NR 35 \u00e9 a Norma Regulamentadora n\u00famero 35, um conjunto de regulamentos estabelecidos pelo Minist\u00e9rio do Trabalho e Emprego do Brasil (atualmente parte do Minist\u00e9rio da Economia), que trata da seguran\u00e7a e sa\u00fade dos trabalhadores que executam atividades em altura. Saiba mais Para acessar o painel administrativo do site, visite casinos sin licencia e encontre recursos relacionados \u00e0 gest\u00e3o de conte\u00fado web.<\/p>\n","protected":false},"author":1,"featured_media":0,"parent":0,"menu_order":0,"comment_status":"closed","ping_status":"closed","template":"","meta":{"footnotes":""},"class_list":["post-21718","page","type-page","status-publish","hentry"],"_links":{"self":[{"href":"http:\/\/submont.com.br\/index.php?rest_route=\/wp\/v2\/pages\/21718","targetHints":{"allow":["GET"]}}],"collection":[{"href":"http:\/\/submont.com.br\/index.php?rest_route=\/wp\/v2\/pages"}],"about":[{"href":"http:\/\/submont.com.br\/index.php?rest_route=\/wp\/v2\/types\/page"}],"author":[{"embeddable":true,"href":"http:\/\/submont.com.br\/index.php?rest_route=\/wp\/v2\/users\/1"}],"replies":[{"embeddable":true,"href":"http:\/\/submont.com.br\/index.php?rest_route=%2Fwp%2Fv2%2Fcomments&post=21718"}],"version-history":[{"count":22,"href":"http:\/\/submont.com.br\/index.php?rest_route=\/wp\/v2\/pages\/21718\/revisions"}],"predecessor-version":[{"id":22634,"href":"http:\/\/submont.com.br\/index.php?rest_route=\/wp\/v2\/pages\/21718\/revisions\/22634"}],"wp:attachment":[{"href":"http:\/\/submont.com.br\/index.php?rest_route=%2Fwp%2Fv2%2Fmedia&parent=21718"}],"curies":[{"name":"wp","href":"https:\/\/api.w.org\/{rel}","templated":true}]}}