{"id":21673,"date":"2025-01-28T16:04:56","date_gmt":"2025-01-28T16:04:56","guid":{"rendered":"http:\/\/submont.com.br\/?page_id=21673"},"modified":"2025-02-13T12:34:24","modified_gmt":"2025-02-13T12:34:24","slug":"servicos-2","status":"publish","type":"page","link":"http:\/\/submont.com.br\/?page_id=21673","title":{"rendered":"Servi\u00e7os"},"content":{"rendered":"\t\t<div data-elementor-type=\"wp-page\" data-elementor-id=\"21673\" class=\"elementor elementor-21673\" data-elementor-post-type=\"page\">\n\t\t\t\t\t\t<section class=\"elementor-section elementor-top-section elementor-element elementor-element-338d2793 elementor-section-boxed elementor-section-height-default elementor-section-height-default wpr-particle-no wpr-jarallax-no wpr-parallax-no wpr-sticky-section-no\" data-id=\"338d2793\" data-element_type=\"section\" data-e-type=\"section\">\n\t\t\t\t\t\t<div class=\"elementor-container elementor-column-gap-default\">\n\t\t\t\t\t<div class=\"elementor-column elementor-col-50 elementor-top-column elementor-element elementor-element-3f9a93ce elementor-invisible\" data-id=\"3f9a93ce\" data-element_type=\"column\" data-e-type=\"column\" data-settings=\"{&quot;animation&quot;:&quot;fadeInLeft&quot;}\">\n\t\t\t<div class=\"elementor-widget-wrap elementor-element-populated\">\n\t\t\t\t\t\t<div class=\"elementor-element elementor-element-6d372fc1 elementor-widget elementor-widget-heading\" data-id=\"6d372fc1\" data-element_type=\"widget\" data-e-type=\"widget\" data-widget_type=\"heading.default\">\n\t\t\t\t<div class=\"elementor-widget-container\">\n\t\t\t\t\t<h2 class=\"elementor-heading-title elementor-size-default\">Servi\u00e7os<\/h2>\t\t\t\t<\/div>\n\t\t\t\t<\/div>\n\t\t\t\t<div class=\"elementor-element elementor-element-2635a944 elementor-widget elementor-widget-text-editor\" data-id=\"2635a944\" data-element_type=\"widget\" data-e-type=\"widget\" data-widget_type=\"text-editor.default\">\n\t\t\t\t<div class=\"elementor-widget-container\">\n\t\t\t\t\t\t\t\t\tAtender e apoiar nossos clientes com servi\u00e7os e solu\u00e7\u00f5es inovadoras para trabalho em alturas nos mais variados cen\u00e1rios e dif\u00edcil acesso em instala\u00e7\u00f5es especiais, montagens e manuten\u00e7\u00f5es gerais.<br \/>\n<br \/>Solu\u00e7\u00f5es eficientes personalizadas para atender as necessidades e complexidades t\u00e9cnicas de cada projeto, com o diferencial do Alpinismo Industrial, sem limite de altura, m\u00ednimo barulho, maior agilidade e mobiliza\u00e7\u00e3o, fora do hor\u00e1rio comercial, \u00e0 noite, aos s\u00e1bados, domingos e feriados, de forma segura e objetiva.<br \/>\n<br \/>\nA SUBMONT conta com uma equipe qualificada para atender os mais variados servi\u00e7os.\t\t\t\t\t\t\t\t<\/div>\n\t\t\t\t<\/div>\n\t\t\t\t\t<\/div>\n\t\t<\/div>\n\t\t\t\t<div class=\"elementor-column elementor-col-50 elementor-top-column elementor-element elementor-element-461ff457 elementor-invisible\" data-id=\"461ff457\" data-element_type=\"column\" data-e-type=\"column\" data-settings=\"{&quot;animation&quot;:&quot;bounceInDown&quot;}\">\n\t\t\t<div class=\"elementor-widget-wrap elementor-element-populated\">\n\t\t\t\t\t\t<div class=\"elementor-element elementor-element-76c76d0 elementor-widget elementor-widget-image\" data-id=\"76c76d0\" data-element_type=\"widget\" data-e-type=\"widget\" data-widget_type=\"image.default\">\n\t\t\t\t<div class=\"elementor-widget-container\">\n\t\t\t\t\t\t\t\t\t\t\t\t\t\t\t<img fetchpriority=\"high\" decoding=\"async\" width=\"2448\" height=\"3264\" src=\"http:\/\/submont.com.br\/wp-content\/uploads\/2019\/03\/DSCF7940.jpg\" class=\"attachment-full size-full wp-image-20206\" alt=\"\" srcset=\"http:\/\/submont.com.br\/wp-content\/uploads\/2019\/03\/DSCF7940.jpg 2448w, http:\/\/submont.com.br\/wp-content\/uploads\/2019\/03\/DSCF7940-225x300.jpg 225w, http:\/\/submont.com.br\/wp-content\/uploads\/2019\/03\/DSCF7940-768x1024.jpg 768w\" sizes=\"(max-width: 2448px) 100vw, 2448px\" \/>\t\t\t\t\t\t\t\t\t\t\t\t\t\t\t<\/div>\n\t\t\t\t<\/div>\n\t\t\t\t\t<\/div>\n\t\t<\/div>\n\t\t\t\t\t<\/div>\n\t\t<\/section>\n\t\t\t\t<section class=\"elementor-section elementor-top-section elementor-element elementor-element-d9de075 elementor-section-boxed elementor-section-height-default elementor-section-height-default wpr-particle-no wpr-jarallax-no wpr-parallax-no wpr-sticky-section-no\" data-id=\"d9de075\" data-element_type=\"section\" data-e-type=\"section\">\n\t\t\t\t\t\t<div class=\"elementor-container elementor-column-gap-default\">\n\t\t\t\t\t<div class=\"elementor-column elementor-col-100 elementor-top-column elementor-element elementor-element-dfb69ed\" data-id=\"dfb69ed\" data-element_type=\"column\" data-e-type=\"column\">\n\t\t\t<div class=\"elementor-widget-wrap elementor-element-populated\">\n\t\t\t\t\t\t<section class=\"elementor-section elementor-inner-section elementor-element elementor-element-a75b4b3 elementor-section-boxed elementor-section-height-default elementor-section-height-default wpr-particle-no wpr-jarallax-no wpr-parallax-no wpr-sticky-section-no\" data-id=\"a75b4b3\" data-element_type=\"section\" data-e-type=\"section\">\n\t\t\t\t\t\t<div class=\"elementor-container elementor-column-gap-default\">\n\t\t\t\t\t<div class=\"elementor-column elementor-col-25 elementor-inner-column elementor-element elementor-element-5f10c5a elementor-invisible\" data-id=\"5f10c5a\" data-element_type=\"column\" data-e-type=\"column\" data-settings=\"{&quot;animation&quot;:&quot;fadeInLeft&quot;}\">\n\t\t\t<div class=\"elementor-widget-wrap elementor-element-populated\">\n\t\t\t\t\t\t<div class=\"elementor-element elementor-element-8611545 ekit-equal-height-enable elementor-widget elementor-widget-elementskit-image-box\" data-id=\"8611545\" data-element_type=\"widget\" data-e-type=\"widget\" data-widget_type=\"elementskit-image-box.default\">\n\t\t\t\t<div class=\"elementor-widget-container\">\n\t\t\t\t\t<div class=\"ekit-wid-con\" >\n            <div class=\"elementskit-info-image-box ekit-image-box text-left simple-card\" >\n\n                \n                <div class=\"elementskit-box-header image-box-img-left\">\n\n                    <img decoding=\"async\" width=\"1032\" height=\"581\" src=\"http:\/\/submont.com.br\/wp-content\/uploads\/2025\/02\/edificacao.jpg\" class=\"attachment-full size-full wp-image-21962\" alt=\"\" srcset=\"http:\/\/submont.com.br\/wp-content\/uploads\/2025\/02\/edificacao.jpg 1032w, http:\/\/submont.com.br\/wp-content\/uploads\/2025\/02\/edificacao-300x169.jpg 300w, http:\/\/submont.com.br\/wp-content\/uploads\/2025\/02\/edificacao-1024x576.jpg 1024w, http:\/\/submont.com.br\/wp-content\/uploads\/2025\/02\/edificacao-768x432.jpg 768w\" sizes=\"(max-width: 1032px) 100vw, 1032px\" \/>\n                <\/div>\n                \n                <div class=\"elementskit-box-body ekit-image-box-body\">\n                    <div class=\"elementskit-box-content ekit-image-box-body-inner\">\n                                                <h3 class=\"elementskit-info-box-title\">\n\n                        Edifica\u00e7\u00f5es\n                        \n                    <\/h3>\n                                                            <div class=\"elementskit-box-style-content\">\n                        Manuten\u00e7\u00f5es Gerais e Montagens, infraestruturas, condom\u00ednios residenciais, comerciais, shoppings center, centros esportivos, constru\u00e7\u00e3o civil, etc.\n<br>\n<br>\nPinturas especiais, limpeza de vidro, concreto, a\u00e7o, veda\u00e7\u00e3o e lavagem com hidrojateamento, tratamentos anticorrosivos, soldas, montagens de estruturas, instala\u00e7\u00e3o de tubula\u00e7\u00f5es el\u00e9trica e hidr\u00e1ulica, inspe\u00e7\u00e3o e restaura\u00e7\u00e3o. Instala\u00e7\u00e3o de faixas, placas, banners, enfeites de natal, ornamentos a\u00e9reos, eleva\u00e7\u00e3o e movimenta\u00e7\u00e3o de cargas.                    <\/div>\n                                    <\/div>\n\n                            <\/div>\n            <\/div>\n    <\/div>\t\t\t\t<\/div>\n\t\t\t\t<\/div>\n\t\t\t\t\t<\/div>\n\t\t<\/div>\n\t\t\t\t<div class=\"elementor-column elementor-col-25 elementor-inner-column elementor-element elementor-element-0710b90 elementor-invisible\" data-id=\"0710b90\" data-element_type=\"column\" data-e-type=\"column\" data-settings=\"{&quot;animation&quot;:&quot;fadeInLeft&quot;}\">\n\t\t\t<div class=\"elementor-widget-wrap elementor-element-populated\">\n\t\t\t\t\t\t<div class=\"elementor-element elementor-element-c7de3b8 ekit-equal-height-enable elementor-widget elementor-widget-elementskit-image-box\" data-id=\"c7de3b8\" data-element_type=\"widget\" data-e-type=\"widget\" data-widget_type=\"elementskit-image-box.default\">\n\t\t\t\t<div class=\"elementor-widget-container\">\n\t\t\t\t\t<div class=\"ekit-wid-con\" >\n            <div class=\"elementskit-info-image-box ekit-image-box text-left simple-card\" >\n\n                \n                <div class=\"elementskit-box-header image-box-img-left\">\n\n                    <img decoding=\"async\" src=\"http:\/\/submont.com.br\/wp-content\/uploads\/elementor\/thumbs\/industriais-r1cp37eht2kxtauqqgo1p1pv120axibh6pq9szipbg.jpg\" title=\"\" alt=\"\" loading=\"lazy\" \/>\n                <\/div>\n                \n                <div class=\"elementskit-box-body ekit-image-box-body\">\n                    <div class=\"elementskit-box-content ekit-image-box-body-inner\">\n                                                <h3 class=\"elementskit-info-box-title\">\n\n                        Ind\u00fastriais\n                        \n                    <\/h3>\n                                                            <div class=\"elementskit-box-style-content\">\n                        Campo de atua\u00e7\u00e3o do trabalho em altura tem grande demanda nos mais variados tipos de servi\u00e7os com as aplica\u00e7\u00f5es e solu\u00e7\u00f5es nas \u00e1reas Sider\u00fargica, E\u00f3lica, Metal\u00fargica, Petrol\u00edfera, Minera\u00e7\u00e3o, Naval, Portu\u00e1ria, Usinas e Refinarias.\n<br>\n<br>\nManuten\u00e7\u00f5es e instala\u00e7\u00f5es gerais, servi\u00e7os personalizados, interno, externo, pinturas especiais, tratamentos anticorrosivos, montagens, torqueamento, cortes e soldas, montagens e instala\u00e7\u00e3o de estruturas met\u00e1licas, plant\u00e3o de resgate nas paradas de manuten\u00e7\u00e3o, eleva\u00e7\u00e3o e movimenta\u00e7\u00e3o de cargas, projetos e instala\u00e7\u00e3o de Linha de Vida, etc.                    <\/div>\n                                    <\/div>\n\n                            <\/div>\n            <\/div>\n    <\/div>\t\t\t\t<\/div>\n\t\t\t\t<\/div>\n\t\t\t\t\t<\/div>\n\t\t<\/div>\n\t\t\t\t<div class=\"elementor-column elementor-col-25 elementor-inner-column elementor-element elementor-element-26b681f elementor-invisible\" data-id=\"26b681f\" data-element_type=\"column\" data-e-type=\"column\" data-settings=\"{&quot;animation&quot;:&quot;fadeInLeft&quot;}\">\n\t\t\t<div class=\"elementor-widget-wrap elementor-element-populated\">\n\t\t\t\t\t\t<div class=\"elementor-element elementor-element-2bd6b17 ekit-equal-height-enable elementor-widget elementor-widget-elementskit-image-box\" data-id=\"2bd6b17\" data-element_type=\"widget\" data-e-type=\"widget\" data-widget_type=\"elementskit-image-box.default\">\n\t\t\t\t<div class=\"elementor-widget-container\">\n\t\t\t\t\t<div class=\"ekit-wid-con\" >\n            <div class=\"elementskit-info-image-box ekit-image-box text-left simple-card\" >\n\n                \n                <div class=\"elementskit-box-header image-box-img-left\">\n\n                    <img decoding=\"async\" src=\"http:\/\/submont.com.br\/wp-content\/uploads\/elementor\/thumbs\/sistema-trava-quedas-scaled-r1d1nnzpl3ysfzmnoji0fdcl35vx4fk1q6rf4yng6k.jpg\" title=\"sistema trava quedas\" alt=\"sistema trava quedas\" loading=\"lazy\" \/>\n                <\/div>\n                \n                <div class=\"elementskit-box-body ekit-image-box-body\">\n                    <div class=\"elementskit-box-content ekit-image-box-body-inner\">\n                                                <h3 class=\"elementskit-info-box-title\">\n\n                        Sistema trava quedas\n                        \n                    <\/h3>\n                                                            <div class=\"elementskit-box-style-content\">\n                        Linhas de vida \u00e9 a medida protetora mais indicada nos trabalhos em Alturas.\n<br>\n<br>\nAs Linhas de vida s\u00e3o recomendadas em diversas situa\u00e7\u00f5es, onde o trabalhador fica exposto a situa\u00e7\u00f5es de risco de queda.\nSeguran\u00e7a em todas as etapas dos servi\u00e7os, projetos e Instala\u00e7\u00e3o de linha de vida vertical e horizontal, interno e externo, linha de vida tempor\u00e1ria, para manuten\u00e7\u00e3o em telhado, em ponte rolante, em teto, linha de vida em docas para carga e descarga e enlonamento em caminh\u00e3o.\n<br>\n<br>\nInstala\u00e7\u00e3o de pontos de ancoragens e suportes para estruturas, sistema de seguran\u00e7a com limita\u00e7\u00e3o de acesso.\nS\u00e3o v\u00e1rios modelos de linha de vida, cada modelo com sua aplica\u00e7\u00e3o espec\u00edfica para garantir a melhor produtividade do servi\u00e7o quando utilizada, todas certificadas e com garantia.                    <\/div>\n                                    <\/div>\n\n                            <\/div>\n            <\/div>\n    <\/div>\t\t\t\t<\/div>\n\t\t\t\t<\/div>\n\t\t\t\t\t<\/div>\n\t\t<\/div>\n\t\t\t\t<div class=\"elementor-column elementor-col-25 elementor-inner-column elementor-element elementor-element-e6e99ca elementor-invisible\" data-id=\"e6e99ca\" data-element_type=\"column\" data-e-type=\"column\" data-settings=\"{&quot;animation&quot;:&quot;fadeInLeft&quot;}\">\n\t\t\t<div class=\"elementor-widget-wrap elementor-element-populated\">\n\t\t\t\t\t\t<div class=\"elementor-element elementor-element-e630c14 ekit-equal-height-enable elementor-widget elementor-widget-elementskit-image-box\" data-id=\"e630c14\" data-element_type=\"widget\" data-e-type=\"widget\" data-widget_type=\"elementskit-image-box.default\">\n\t\t\t\t<div class=\"elementor-widget-container\">\n\t\t\t\t\t<div class=\"ekit-wid-con\" >\n            <div class=\"elementskit-info-image-box ekit-image-box text-left simple-card\" >\n\n                \n                <div class=\"elementskit-box-header image-box-img-left\">\n\n                    <img decoding=\"async\" src=\"http:\/\/submont.com.br\/wp-content\/uploads\/elementor\/thumbs\/WhatsApp-Image-2025-02-13-at-09.09.11-scaled-r1g21los0hf7q7ul46arzqb739qnzvz06z7flx7mp8.jpeg\" title=\"\" alt=\"\" loading=\"lazy\" \/>\n                <\/div>\n                \n                <div class=\"elementskit-box-body ekit-image-box-body\">\n                    <div class=\"elementskit-box-content ekit-image-box-body-inner\">\n                                                <h3 class=\"elementskit-info-box-title\">\n\n                        Shows\/Eventos\n                        \n                    <\/h3>\n                                                            <div class=\"elementskit-box-style-content\">\n                        Montagens de pontos de ancoragens para talhas, motores el\u00e9tricos, grids para som, cenografia, ilumina\u00e7\u00e3o, v\u00eddeo, cabeamentos, montagens de estruturas para palcos, cen\u00e1rios, etc.<br>\n<br>\nMontagens de estruturas para palcos, montagens de sistemas automatizados, pe\u00e7as especiais e personalizadas, servi\u00e7os de eleva\u00e7\u00e3o, i\u00e7amento e movimenta\u00e7\u00e3o de carga com sistema el\u00e9trico ou manual.                    <\/div>\n                                    <\/div>\n\n                            <\/div>\n            <\/div>\n    <\/div>\t\t\t\t<\/div>\n\t\t\t\t<\/div>\n\t\t\t\t\t<\/div>\n\t\t<\/div>\n\t\t\t\t\t<\/div>\n\t\t<\/section>\n\t\t\t\t\t<\/div>\n\t\t<\/div>\n\t\t\t\t\t<\/div>\n\t\t<\/section>\n\t\t\t\t<\/div>\n\t\t","protected":false},"excerpt":{"rendered":"<p>Servi\u00e7os Atender e apoiar nossos clientes com servi\u00e7os e solu\u00e7\u00f5es inovadoras para trabalho em alturas nos mais variados cen\u00e1rios e dif\u00edcil acesso em instala\u00e7\u00f5es especiais, montagens e manuten\u00e7\u00f5es gerais. Solu\u00e7\u00f5es eficientes personalizadas para atender as necessidades e complexidades t\u00e9cnicas de cada projeto, com o diferencial do Alpinismo Industrial, sem limite de altura, m\u00ednimo barulho, maior agilidade e mobiliza\u00e7\u00e3o, fora do hor\u00e1rio comercial, \u00e0 noite, aos s\u00e1bados, domingos e feriados, de forma segura e objetiva. A SUBMONT conta com uma equipe qualificada para atender os mais variados servi\u00e7os. Edifica\u00e7\u00f5es Manuten\u00e7\u00f5es Gerais e Montagens, infraestruturas, condom\u00ednios residenciais, comerciais, shoppings center, centros esportivos, constru\u00e7\u00e3o civil, etc. Pinturas especiais, limpeza de vidro, concreto, a\u00e7o, veda\u00e7\u00e3o e lavagem com hidrojateamento, tratamentos anticorrosivos, soldas, montagens de estruturas, instala\u00e7\u00e3o de tubula\u00e7\u00f5es el\u00e9trica e hidr\u00e1ulica, inspe\u00e7\u00e3o e restaura\u00e7\u00e3o. Instala\u00e7\u00e3o de faixas, placas, banners, enfeites de natal, ornamentos a\u00e9reos, eleva\u00e7\u00e3o e movimenta\u00e7\u00e3o de cargas. Ind\u00fastriais Campo de atua\u00e7\u00e3o do trabalho em altura tem grande demanda nos mais variados tipos de servi\u00e7os com as aplica\u00e7\u00f5es e solu\u00e7\u00f5es nas \u00e1reas Sider\u00fargica, E\u00f3lica, Metal\u00fargica, Petrol\u00edfera, Minera\u00e7\u00e3o, Naval, Portu\u00e1ria, Usinas e Refinarias. Manuten\u00e7\u00f5es e instala\u00e7\u00f5es gerais, servi\u00e7os personalizados, interno, externo, pinturas especiais, tratamentos anticorrosivos, montagens, torqueamento, cortes e soldas, montagens e instala\u00e7\u00e3o de estruturas met\u00e1licas, plant\u00e3o de resgate nas paradas de manuten\u00e7\u00e3o, eleva\u00e7\u00e3o e movimenta\u00e7\u00e3o de cargas, projetos e instala\u00e7\u00e3o de Linha de Vida, etc. Sistema trava quedas Linhas de vida \u00e9 a medida protetora mais indicada nos trabalhos em Alturas. As Linhas de vida s\u00e3o recomendadas em diversas situa\u00e7\u00f5es, onde o trabalhador fica exposto a situa\u00e7\u00f5es de risco de queda. Seguran\u00e7a em todas as etapas dos servi\u00e7os, projetos e Instala\u00e7\u00e3o de linha de vida vertical e horizontal, interno e externo, linha de vida tempor\u00e1ria, para manuten\u00e7\u00e3o em telhado, em ponte rolante, em teto, linha de vida em docas para carga e descarga e enlonamento em caminh\u00e3o. Instala\u00e7\u00e3o de pontos de ancoragens e suportes para estruturas, sistema de seguran\u00e7a com limita\u00e7\u00e3o de acesso. S\u00e3o v\u00e1rios modelos de linha de vida, cada modelo com sua aplica\u00e7\u00e3o espec\u00edfica para garantir a melhor produtividade do servi\u00e7o quando utilizada, todas certificadas e com garantia. Shows\/Eventos Montagens de pontos de ancoragens para talhas, motores el\u00e9tricos, grids para som, cenografia, ilumina\u00e7\u00e3o, v\u00eddeo, cabeamentos, montagens de estruturas para palcos, cen\u00e1rios, etc. Montagens de estruturas para palcos, montagens de sistemas automatizados, pe\u00e7as especiais e personalizadas, servi\u00e7os de eleva\u00e7\u00e3o, i\u00e7amento e movimenta\u00e7\u00e3o de carga com sistema el\u00e9trico ou manual.<\/p>\n","protected":false},"author":1,"featured_media":0,"parent":0,"menu_order":0,"comment_status":"closed","ping_status":"closed","template":"","meta":{"footnotes":""},"class_list":["post-21673","page","type-page","status-publish","hentry"],"_links":{"self":[{"href":"http:\/\/submont.com.br\/index.php?rest_route=\/wp\/v2\/pages\/21673","targetHints":{"allow":["GET"]}}],"collection":[{"href":"http:\/\/submont.com.br\/index.php?rest_route=\/wp\/v2\/pages"}],"about":[{"href":"http:\/\/submont.com.br\/index.php?rest_route=\/wp\/v2\/types\/page"}],"author":[{"embeddable":true,"href":"http:\/\/submont.com.br\/index.php?rest_route=\/wp\/v2\/users\/1"}],"replies":[{"embeddable":true,"href":"http:\/\/submont.com.br\/index.php?rest_route=%2Fwp%2Fv2%2Fcomments&post=21673"}],"version-history":[{"count":40,"href":"http:\/\/submont.com.br\/index.php?rest_route=\/wp\/v2\/pages\/21673\/revisions"}],"predecessor-version":[{"id":22054,"href":"http:\/\/submont.com.br\/index.php?rest_route=\/wp\/v2\/pages\/21673\/revisions\/22054"}],"wp:attachment":[{"href":"http:\/\/submont.com.br\/index.php?rest_route=%2Fwp%2Fv2%2Fmedia&parent=21673"}],"curies":[{"name":"wp","href":"https:\/\/api.w.org\/{rel}","templated":true}]}}